{"id":3066,"date":"2021-03-13T00:11:09","date_gmt":"2021-03-13T00:11:09","guid":{"rendered":"https:\/\/bestellungen-eu.ch\/produkt\/hochgeweihtes-michaelssalz\/"},"modified":"2025-02-04T13:42:29","modified_gmt":"2025-02-04T13:42:29","slug":"sel-saint-michel-hautement-sacralise","status":"publish","type":"product","link":"https:\/\/bestellungen-eu.ch\/fr\/produit\/sel-saint-michel-hautement-sacralise\/","title":{"rendered":"Sel Saint-Michel hautement sacralis\u00e9<br>contre les harc\u00e8lements infernaux"},"content":{"rendered":"<p>Ce sel hautement sacralis\u00e9 est \u00e9galement dot\u00e9 d\u2019un exorcisme. Quelques petits grains suffisent pour l\u2019utiliser en cas de tentation. Il est \u00e9galement possible d\u2019en faire de l\u2019eau b\u00e9nite. Une pinc\u00e9e de sel suffit pour 5 litres d\u2019eau.<\/p>\n<p>Aussi pr\u00e9cieux que soit ce sel Saint-Michel, l\u2019\u00c9v\u00eaque-\u00e0-l\u2019\u00c9p\u00e9e est \u00e9galement pr\u00e9occup\u00e9 par le fait que maintes personnes utilisent uniquement ce sel Saint-Michel sans reconna\u00eetre la mission que DIEU lui a donn\u00e9e en tant que Son Instrument personnel de J\u00c9SUS-CHRIST et lui faire confiance.<\/p>\n<p><strong>\u00a0<\/strong><\/p>\n","protected":false},"excerpt":{"rendered":"<p>Ce sel hautement sacralis\u00e9 est \u00e9galement dot\u00e9 d\u2019un exorcisme. Quelques petits grains suffisent pour l\u2019utiliser en cas de tentation. Il est \u00e9galement possible d\u2019en faire de l\u2019eau b\u00e9nite. Une pinc\u00e9e de sel suffit pour 5 litres d\u2019eau. Aussi pr\u00e9cieux que soit ce sel Saint-Michel, l\u2019\u00c9v\u00eaque-\u00e0-l\u2019\u00c9p\u00e9e est \u00e9galement pr\u00e9occup\u00e9 par le fait que maintes personnes utilisent [&hellip;]<\/p>\n","protected":false},"featured_media":3068,"template":"","meta":{"ocean_post_layout":"full-width","ocean_both_sidebars_style":"","ocean_both_sidebars_content_width":0,"ocean_both_sidebars_sidebars_width":0,"ocean_sidebar":"0","ocean_second_sidebar":"0","ocean_disable_margins":"enable","ocean_add_body_class":"","ocean_shortcode_before_top_bar":"","ocean_shortcode_after_top_bar":"","ocean_shortcode_before_header":"","ocean_shortcode_after_header":"","ocean_has_shortcode":"","ocean_shortcode_after_title":"","ocean_shortcode_before_footer_widgets":"","ocean_shortcode_after_footer_widgets":"","ocean_shortcode_before_footer_bottom":"","ocean_shortcode_after_footer_bottom":"","ocean_display_top_bar":"on","ocean_display_header":"on","ocean_header_style":"","ocean_center_header_left_menu":"0","ocean_custom_header_template":"0","ocean_custom_logo":0,"ocean_custom_retina_logo":0,"ocean_custom_logo_max_width":0,"ocean_custom_logo_tablet_max_width":0,"ocean_custom_logo_mobile_max_width":0,"ocean_custom_logo_max_height":0,"ocean_custom_logo_tablet_max_height":0,"ocean_custom_logo_mobile_max_height":0,"ocean_header_custom_menu":"0","ocean_menu_typo_font_family":"0","ocean_menu_typo_font_subset":"","ocean_menu_typo_font_size":0,"ocean_menu_typo_font_size_tablet":0,"ocean_menu_typo_font_size_mobile":0,"ocean_menu_typo_font_size_unit":"px","ocean_menu_typo_font_weight":"","ocean_menu_typo_font_weight_tablet":"","ocean_menu_typo_font_weight_mobile":"","ocean_menu_typo_transform":"","ocean_menu_typo_transform_tablet":"","ocean_menu_typo_transform_mobile":"","ocean_menu_typo_line_height":0,"ocean_menu_typo_line_height_tablet":0,"ocean_menu_typo_line_height_mobile":0,"ocean_menu_typo_line_height_unit":"","ocean_menu_typo_spacing":0,"ocean_menu_typo_spacing_tablet":0,"ocean_menu_typo_spacing_mobile":0,"ocean_menu_typo_spacing_unit":"","ocean_menu_link_color":"","ocean_menu_link_color_hover":"","ocean_menu_link_color_active":"","ocean_menu_link_background":"","ocean_menu_link_hover_background":"","ocean_menu_link_active_background":"","ocean_menu_social_links_bg":"","ocean_menu_social_hover_links_bg":"","ocean_menu_social_links_color":"","ocean_menu_social_hover_links_color":"","ocean_disable_title":"on","ocean_disable_heading":"default","ocean_post_title":"","ocean_post_subheading":"","ocean_post_title_style":"","ocean_post_title_background_color":"","ocean_post_title_background":0,"ocean_post_title_bg_image_position":"","ocean_post_title_bg_image_attachment":"","ocean_post_title_bg_image_repeat":"","ocean_post_title_bg_image_size":"","ocean_post_title_height":0,"ocean_post_title_bg_overlay":0.5,"ocean_post_title_bg_overlay_color":"","ocean_disable_breadcrumbs":"default","ocean_breadcrumbs_color":"","ocean_breadcrumbs_separator_color":"","ocean_breadcrumbs_links_color":"","ocean_breadcrumbs_links_hover_color":"","ocean_display_footer_widgets":"on","ocean_display_footer_bottom":"on","ocean_custom_footer_template":"0"},"product_brand":[],"product_cat":[145],"product_tag":[],"class_list":{"0":"post-3066","1":"product","2":"type-product","3":"status-publish","4":"has-post-thumbnail","6":"product_cat-sacramentaux","8":"entry","9":"has-media","11":"first","12":"outofstock","13":"product-type-simple","14":"has-product-nav","15":"col","16":"span_1_of_5","17":"owp-content-center","18":"owp-thumbs-layout-horizontal","19":"owp-btn-normal","20":"owp-tabs-layout-horizontal","21":"has-no-thumbnails"},"yoast_head":"<!-- This site is optimized with the Yoast SEO Premium plugin v27.3 (Yoast SEO v27.5) - https:\/\/yoast.com\/product\/yoast-seo-premium-wordpress\/ -->\n<title>Sel Saint-Michel hautement sacralis\u00e9contre les harc\u00e8lements infernaux - Bestellungen-EU<\/title>\n<meta name=\"description\" content=\"Sel Saint-Michel hautement sacralis\u00e9 contre les harc\u00e8lements infernaux\" \/>\n<meta name=\"robots\" content=\"index, follow, max-snippet:-1, max-image-preview:large, max-video-preview:-1\" \/>\n<link rel=\"canonical\" href=\"https:\/\/bestellungen-eu.ch\/fr\/produit\/sel-saint-michel-hautement-sacralise\/\" \/>\n<meta property=\"og:locale\" content=\"fr_FR\" \/>\n<meta property=\"og:type\" content=\"article\" \/>\n<meta property=\"og:title\" content=\"Sel Saint-Michel hautement sacralis\u00e9contre les harc\u00e8lements infernaux\" \/>\n<meta property=\"og:description\" content=\"Sel Saint-Michel hautement sacralis\u00e9 contre les harc\u00e8lements infernaux\" \/>\n<meta property=\"og:url\" content=\"https:\/\/bestellungen-eu.ch\/fr\/produit\/sel-saint-michel-hautement-sacralise\/\" \/>\n<meta property=\"og:site_name\" content=\"Bestellungen-EU\" \/>\n<meta property=\"article:publisher\" content=\"https:\/\/www.facebook.com\/schwertbischof\" \/>\n<meta property=\"article:modified_time\" content=\"2025-02-04T13:42:29+00:00\" \/>\n<meta property=\"og:image\" content=\"https:\/\/bestellungen-eu.ch\/wp-content\/uploads\/2021\/03\/Michaelssalz-fr.png\" \/>\n\t<meta property=\"og:image:width\" content=\"250\" \/>\n\t<meta property=\"og:image:height\" content=\"370\" \/>\n\t<meta property=\"og:image:type\" content=\"image\/png\" \/>\n<meta name=\"twitter:card\" content=\"summary_large_image\" \/>\n<meta name=\"twitter:site\" content=\"@schwertbischof\" \/>\n<meta name=\"twitter:label1\" content=\"Prix\" \/>\n\t<meta name=\"twitter:data1\" content=\"\" \/>\n\t<meta name=\"twitter:label2\" content=\"Disponibilit\u00e9\" \/>\n\t<meta name=\"twitter:data2\" content=\"Rupture de stock\" \/>\n<script type=\"application\/ld+json\" class=\"yoast-schema-graph\">{\"@context\":\"https:\\\/\\\/schema.org\",\"@graph\":[{\"@type\":\"WebPage\",\"@id\":\"https:\\\/\\\/bestellungen-eu.ch\\\/fr\\\/produit\\\/sel-saint-michel-hautement-sacralise\\\/\",\"url\":\"https:\\\/\\\/bestellungen-eu.ch\\\/fr\\\/produit\\\/sel-saint-michel-hautement-sacralise\\\/\",\"name\":\"Sel Saint-Michel hautement sacralis\u00e9 contre les harc\u00e8lements infernaux - Bestellungen-EU\",\"isPartOf\":{\"@id\":\"https:\\\/\\\/bestellungen-eu.ch\\\/#website\"},\"primaryImageOfPage\":{\"@id\":\"https:\\\/\\\/bestellungen-eu.ch\\\/fr\\\/produit\\\/sel-saint-michel-hautement-sacralise\\\/#primaryimage\"},\"image\":{\"@id\":\"https:\\\/\\\/bestellungen-eu.ch\\\/fr\\\/produit\\\/sel-saint-michel-hautement-sacralise\\\/#primaryimage\"},\"thumbnailUrl\":\"https:\\\/\\\/bestellungen-eu.ch\\\/wp-content\\\/uploads\\\/2021\\\/03\\\/Michaelssalz-fr.png\",\"datePublished\":\"2021-03-13T00:11:09+00:00\",\"dateModified\":\"2025-02-04T13:42:29+00:00\",\"description\":\"Sel Saint-Michel hautement sacralis\u00e9 contre les harc\u00e8lements infernaux\",\"breadcrumb\":{\"@id\":\"https:\\\/\\\/bestellungen-eu.ch\\\/fr\\\/produit\\\/sel-saint-michel-hautement-sacralise\\\/#breadcrumb\"},\"inLanguage\":\"fr-FR\",\"potentialAction\":[{\"@type\":\"ReadAction\",\"target\":[\"https:\\\/\\\/bestellungen-eu.ch\\\/fr\\\/produit\\\/sel-saint-michel-hautement-sacralise\\\/\"]}]},{\"@type\":\"ImageObject\",\"inLanguage\":\"fr-FR\",\"@id\":\"https:\\\/\\\/bestellungen-eu.ch\\\/fr\\\/produit\\\/sel-saint-michel-hautement-sacralise\\\/#primaryimage\",\"url\":\"https:\\\/\\\/bestellungen-eu.ch\\\/wp-content\\\/uploads\\\/2021\\\/03\\\/Michaelssalz-fr.png\",\"contentUrl\":\"https:\\\/\\\/bestellungen-eu.ch\\\/wp-content\\\/uploads\\\/2021\\\/03\\\/Michaelssalz-fr.png\",\"width\":250,\"height\":370},{\"@type\":\"BreadcrumbList\",\"@id\":\"https:\\\/\\\/bestellungen-eu.ch\\\/fr\\\/produit\\\/sel-saint-michel-hautement-sacralise\\\/#breadcrumb\",\"itemListElement\":[{\"@type\":\"ListItem\",\"position\":1,\"name\":\"Startseite\",\"item\":\"https:\\\/\\\/bestellungen-eu.ch\\\/fr\\\/\"},{\"@type\":\"ListItem\",\"position\":2,\"name\":\"Boutique\",\"item\":\"https:\\\/\\\/bestellungen-eu.ch\\\/fr\\\/boutique\\\/\"},{\"@type\":\"ListItem\",\"position\":3,\"name\":\"Sel Saint-Michel hautement sacralis\u00e9contre les harc\u00e8lements infernaux\"}]},{\"@type\":\"WebSite\",\"@id\":\"https:\\\/\\\/bestellungen-eu.ch\\\/#website\",\"url\":\"https:\\\/\\\/bestellungen-eu.ch\\\/\",\"name\":\"Bestellungen-EU\",\"description\":\"f\u00fcr Bestellungen aus EU-L\u00e4ndern und anderen L\u00e4ndern\",\"publisher\":{\"@id\":\"https:\\\/\\\/bestellungen-eu.ch\\\/#organization\"},\"potentialAction\":[{\"@type\":\"SearchAction\",\"target\":{\"@type\":\"EntryPoint\",\"urlTemplate\":\"https:\\\/\\\/bestellungen-eu.ch\\\/?s={search_term_string}\"},\"query-input\":{\"@type\":\"PropertyValueSpecification\",\"valueRequired\":true,\"valueName\":\"search_term_string\"}}],\"inLanguage\":\"fr-FR\"},{\"@type\":\"Organization\",\"@id\":\"https:\\\/\\\/bestellungen-eu.ch\\\/#organization\",\"name\":\"Bestellungen-EU\",\"url\":\"https:\\\/\\\/bestellungen-eu.ch\\\/\",\"logo\":{\"@type\":\"ImageObject\",\"inLanguage\":\"fr-FR\",\"@id\":\"https:\\\/\\\/bestellungen-eu.ch\\\/#\\\/schema\\\/logo\\\/image\\\/\",\"url\":\"https:\\\/\\\/bestellungen-eu.ch\\\/wp-content\\\/uploads\\\/2023\\\/09\\\/Neuchchristen-Logo-grau.png\",\"contentUrl\":\"https:\\\/\\\/bestellungen-eu.ch\\\/wp-content\\\/uploads\\\/2023\\\/09\\\/Neuchchristen-Logo-grau.png\",\"width\":295,\"height\":295,\"caption\":\"Bestellungen-EU\"},\"image\":{\"@id\":\"https:\\\/\\\/bestellungen-eu.ch\\\/#\\\/schema\\\/logo\\\/image\\\/\"},\"sameAs\":[\"https:\\\/\\\/www.facebook.com\\\/schwertbischof\",\"https:\\\/\\\/x.com\\\/schwertbischof\",\"https:\\\/\\\/neuchristen.com\\\/\",\"https:\\\/\\\/schwert-bischof.tv\\\/\",\"https:\\\/\\\/neuchristen-kinderkanal.com\\\/\"]}]}<\/script>\n<meta property=\"product:price:currency\" content=\"EUR\" \/>\n<meta property=\"og:availability\" content=\"out of stock\" \/>\n<meta property=\"product:availability\" content=\"out of stock\" \/>\n<meta property=\"product:condition\" content=\"new\" \/>\n<!-- \/ Yoast SEO Premium plugin. -->","yoast_head_json":{"title":"Sel Saint-Michel hautement sacralis\u00e9contre les harc\u00e8lements infernaux - Bestellungen-EU","description":"Sel Saint-Michel hautement sacralis\u00e9 contre les harc\u00e8lements infernaux","robots":{"index":"index","follow":"follow","max-snippet":"max-snippet:-1","max-image-preview":"max-image-preview:large","max-video-preview":"max-video-preview:-1"},"canonical":"https:\/\/bestellungen-eu.ch\/fr\/produit\/sel-saint-michel-hautement-sacralise\/","og_locale":"fr_FR","og_type":"article","og_title":"Sel Saint-Michel hautement sacralis\u00e9contre les harc\u00e8lements infernaux","og_description":"Sel Saint-Michel hautement sacralis\u00e9 contre les harc\u00e8lements infernaux","og_url":"https:\/\/bestellungen-eu.ch\/fr\/produit\/sel-saint-michel-hautement-sacralise\/","og_site_name":"Bestellungen-EU","article_publisher":"https:\/\/www.facebook.com\/schwertbischof","article_modified_time":"2025-02-04T13:42:29+00:00","og_image":[{"width":250,"height":370,"url":"https:\/\/bestellungen-eu.ch\/wp-content\/uploads\/2021\/03\/Michaelssalz-fr.png","type":"image\/png"}],"twitter_card":"summary_large_image","twitter_site":"@schwertbischof","twitter_misc":{"Prix":"","Disponibilit\u00e9":"Rupture de stock"},"schema":{"@context":"https:\/\/schema.org","@graph":[{"@type":"WebPage","@id":"https:\/\/bestellungen-eu.ch\/fr\/produit\/sel-saint-michel-hautement-sacralise\/","url":"https:\/\/bestellungen-eu.ch\/fr\/produit\/sel-saint-michel-hautement-sacralise\/","name":"Sel Saint-Michel hautement sacralis\u00e9 contre les harc\u00e8lements infernaux - Bestellungen-EU","isPartOf":{"@id":"https:\/\/bestellungen-eu.ch\/#website"},"primaryImageOfPage":{"@id":"https:\/\/bestellungen-eu.ch\/fr\/produit\/sel-saint-michel-hautement-sacralise\/#primaryimage"},"image":{"@id":"https:\/\/bestellungen-eu.ch\/fr\/produit\/sel-saint-michel-hautement-sacralise\/#primaryimage"},"thumbnailUrl":"https:\/\/bestellungen-eu.ch\/wp-content\/uploads\/2021\/03\/Michaelssalz-fr.png","datePublished":"2021-03-13T00:11:09+00:00","dateModified":"2025-02-04T13:42:29+00:00","description":"Sel Saint-Michel hautement sacralis\u00e9 contre les harc\u00e8lements infernaux","breadcrumb":{"@id":"https:\/\/bestellungen-eu.ch\/fr\/produit\/sel-saint-michel-hautement-sacralise\/#breadcrumb"},"inLanguage":"fr-FR","potentialAction":[{"@type":"ReadAction","target":["https:\/\/bestellungen-eu.ch\/fr\/produit\/sel-saint-michel-hautement-sacralise\/"]}]},{"@type":"ImageObject","inLanguage":"fr-FR","@id":"https:\/\/bestellungen-eu.ch\/fr\/produit\/sel-saint-michel-hautement-sacralise\/#primaryimage","url":"https:\/\/bestellungen-eu.ch\/wp-content\/uploads\/2021\/03\/Michaelssalz-fr.png","contentUrl":"https:\/\/bestellungen-eu.ch\/wp-content\/uploads\/2021\/03\/Michaelssalz-fr.png","width":250,"height":370},{"@type":"BreadcrumbList","@id":"https:\/\/bestellungen-eu.ch\/fr\/produit\/sel-saint-michel-hautement-sacralise\/#breadcrumb","itemListElement":[{"@type":"ListItem","position":1,"name":"Startseite","item":"https:\/\/bestellungen-eu.ch\/fr\/"},{"@type":"ListItem","position":2,"name":"Boutique","item":"https:\/\/bestellungen-eu.ch\/fr\/boutique\/"},{"@type":"ListItem","position":3,"name":"Sel Saint-Michel hautement sacralis\u00e9contre les harc\u00e8lements infernaux"}]},{"@type":"WebSite","@id":"https:\/\/bestellungen-eu.ch\/#website","url":"https:\/\/bestellungen-eu.ch\/","name":"Bestellungen-EU","description":"f\u00fcr Bestellungen aus EU-L\u00e4ndern und anderen L\u00e4ndern","publisher":{"@id":"https:\/\/bestellungen-eu.ch\/#organization"},"potentialAction":[{"@type":"SearchAction","target":{"@type":"EntryPoint","urlTemplate":"https:\/\/bestellungen-eu.ch\/?s={search_term_string}"},"query-input":{"@type":"PropertyValueSpecification","valueRequired":true,"valueName":"search_term_string"}}],"inLanguage":"fr-FR"},{"@type":"Organization","@id":"https:\/\/bestellungen-eu.ch\/#organization","name":"Bestellungen-EU","url":"https:\/\/bestellungen-eu.ch\/","logo":{"@type":"ImageObject","inLanguage":"fr-FR","@id":"https:\/\/bestellungen-eu.ch\/#\/schema\/logo\/image\/","url":"https:\/\/bestellungen-eu.ch\/wp-content\/uploads\/2023\/09\/Neuchchristen-Logo-grau.png","contentUrl":"https:\/\/bestellungen-eu.ch\/wp-content\/uploads\/2023\/09\/Neuchchristen-Logo-grau.png","width":295,"height":295,"caption":"Bestellungen-EU"},"image":{"@id":"https:\/\/bestellungen-eu.ch\/#\/schema\/logo\/image\/"},"sameAs":["https:\/\/www.facebook.com\/schwertbischof","https:\/\/x.com\/schwertbischof","https:\/\/neuchristen.com\/","https:\/\/schwert-bischof.tv\/","https:\/\/neuchristen-kinderkanal.com\/"]}]},"product_price_currency":"EUR","og_availability":"out of stock","product_availability":"out of stock","product_condition":"new"},"_links":{"self":[{"href":"https:\/\/bestellungen-eu.ch\/fr\/wp-json\/wp\/v2\/product\/3066","targetHints":{"allow":["GET"]}}],"collection":[{"href":"https:\/\/bestellungen-eu.ch\/fr\/wp-json\/wp\/v2\/product"}],"about":[{"href":"https:\/\/bestellungen-eu.ch\/fr\/wp-json\/wp\/v2\/types\/product"}],"wp:featuredmedia":[{"embeddable":true,"href":"https:\/\/bestellungen-eu.ch\/fr\/wp-json\/wp\/v2\/media\/3068"}],"wp:attachment":[{"href":"https:\/\/bestellungen-eu.ch\/fr\/wp-json\/wp\/v2\/media?parent=3066"}],"wp:term":[{"taxonomy":"product_brand","embeddable":true,"href":"https:\/\/bestellungen-eu.ch\/fr\/wp-json\/wp\/v2\/product_brand?post=3066"},{"taxonomy":"product_cat","embeddable":true,"href":"https:\/\/bestellungen-eu.ch\/fr\/wp-json\/wp\/v2\/product_cat?post=3066"},{"taxonomy":"product_tag","embeddable":true,"href":"https:\/\/bestellungen-eu.ch\/fr\/wp-json\/wp\/v2\/product_tag?post=3066"}],"curies":[{"name":"wp","href":"https:\/\/api.w.org\/{rel}","templated":true}]}}