{"id":3088,"date":"2022-04-30T21:48:03","date_gmt":"2022-04-30T21:48:03","guid":{"rendered":"https:\/\/bestellungen-eu.ch\/?post_type=product&#038;p=3088"},"modified":"2025-02-01T08:56:39","modified_gmt":"2025-02-01T08:56:39","slug":"saint-sacrifice-de-la-messe-telecharger-mp4","status":"publish","type":"product","link":"https:\/\/bestellungen-eu.ch\/fr\/produit\/saint-sacrifice-de-la-messe-telecharger-mp4\/","title":{"rendered":"Saint Sacrifice de la Messe \u2013 T\u00e9l\u00e9charger \u2013 MP4"},"content":{"rendered":"<p>Comme de nos jours, le Saint Sacrifice de la Messe n\u2019est plus offert dignement dans de nombreuses \u00e9glises catholiques et que l\u2019\u00c9v\u00eaque-\u00e0-l\u2019\u00c9p\u00e9e n\u2019a pas encore la possibilit\u00e9 d\u2019installer une chapelle dans toutes les r\u00e9gions environnantes, le SAUVEUR lui a assur\u00e9 que tous ceux qui participaient \u00e0 ce Saint Sacrifice de la Messe (via un support de donn\u00e9es) avec un c\u0153ur croyant recevraient les m\u00eames gr\u00e2ces et la m\u00eame force que s\u2019ils \u00e9taient personnellement pr\u00e9sents.<\/p>\n","protected":false},"excerpt":{"rendered":"<p><strong><b><span lang=\"FR-CH\">Le Saint Sacrifice de la Messe est enregistr\u00e9<br \/>\n<\/span><\/b><b><span lang=\"FR-CH\">en allemand avec des sous-titres en fran\u00e7ais.<\/span><\/b><br \/>\nC\u00e9l\u00e9brant: L\u2019\u00c9v\u00eaque-\u00e0-l&rsquo;\u00c9p\u00e9e<\/strong><\/p>\n<p>Dur\u00e9e: 61 min.<br \/>\nFormat d\u2019image : 16:9<br \/>\nAnn\u00e9e de production: 2017<br \/>\nVersion \u00e0 t\u00e9l\u00e9charger: MP4<\/p>\n<p><span style=\"color: #800000;\"><strong>Uniquement pour un usage priv\u00e9 \u2013 pas d\u2019utilisation commerciale \u2013<br \/>\nCopyright par Nouveaux-Chr\u00e9tiens<\/strong><\/span><\/p>\n<p>N\u00b0 de commande 1003<\/p>\n","protected":false},"featured_media":3089,"template":"","meta":{"ocean_post_layout":"full-width","ocean_both_sidebars_style":"","ocean_both_sidebars_content_width":0,"ocean_both_sidebars_sidebars_width":0,"ocean_sidebar":"0","ocean_second_sidebar":"0","ocean_disable_margins":"enable","ocean_add_body_class":"","ocean_shortcode_before_top_bar":"","ocean_shortcode_after_top_bar":"","ocean_shortcode_before_header":"","ocean_shortcode_after_header":"","ocean_has_shortcode":"","ocean_shortcode_after_title":"","ocean_shortcode_before_footer_widgets":"","ocean_shortcode_after_footer_widgets":"","ocean_shortcode_before_footer_bottom":"","ocean_shortcode_after_footer_bottom":"","ocean_display_top_bar":"on","ocean_display_header":"on","ocean_header_style":"","ocean_center_header_left_menu":"0","ocean_custom_header_template":"0","ocean_custom_logo":0,"ocean_custom_retina_logo":0,"ocean_custom_logo_max_width":0,"ocean_custom_logo_tablet_max_width":0,"ocean_custom_logo_mobile_max_width":0,"ocean_custom_logo_max_height":0,"ocean_custom_logo_tablet_max_height":0,"ocean_custom_logo_mobile_max_height":0,"ocean_header_custom_menu":"0","ocean_menu_typo_font_family":"0","ocean_menu_typo_font_subset":"","ocean_menu_typo_font_size":0,"ocean_menu_typo_font_size_tablet":0,"ocean_menu_typo_font_size_mobile":0,"ocean_menu_typo_font_size_unit":"px","ocean_menu_typo_font_weight":"","ocean_menu_typo_font_weight_tablet":"","ocean_menu_typo_font_weight_mobile":"","ocean_menu_typo_transform":"","ocean_menu_typo_transform_tablet":"","ocean_menu_typo_transform_mobile":"","ocean_menu_typo_line_height":0,"ocean_menu_typo_line_height_tablet":0,"ocean_menu_typo_line_height_mobile":0,"ocean_menu_typo_line_height_unit":"","ocean_menu_typo_spacing":0,"ocean_menu_typo_spacing_tablet":0,"ocean_menu_typo_spacing_mobile":0,"ocean_menu_typo_spacing_unit":"","ocean_menu_link_color":"","ocean_menu_link_color_hover":"","ocean_menu_link_color_active":"","ocean_menu_link_background":"","ocean_menu_link_hover_background":"","ocean_menu_link_active_background":"","ocean_menu_social_links_bg":"","ocean_menu_social_hover_links_bg":"","ocean_menu_social_links_color":"","ocean_menu_social_hover_links_color":"","ocean_disable_title":"on","ocean_disable_heading":"default","ocean_post_title":"","ocean_post_subheading":"","ocean_post_title_style":"","ocean_post_title_background_color":"","ocean_post_title_background":0,"ocean_post_title_bg_image_position":"","ocean_post_title_bg_image_attachment":"","ocean_post_title_bg_image_repeat":"","ocean_post_title_bg_image_size":"","ocean_post_title_height":0,"ocean_post_title_bg_overlay":0.5,"ocean_post_title_bg_overlay_color":"","ocean_disable_breadcrumbs":"default","ocean_breadcrumbs_color":"","ocean_breadcrumbs_separator_color":"","ocean_breadcrumbs_links_color":"","ocean_breadcrumbs_links_hover_color":"","ocean_display_footer_widgets":"on","ocean_display_footer_bottom":"on","ocean_custom_footer_template":"0"},"product_brand":[],"product_cat":[144],"product_tag":[],"class_list":{"0":"post-3088","1":"product","2":"type-product","3":"status-publish","4":"has-post-thumbnail","6":"product_cat-medias","8":"entry","9":"has-media","11":"first","12":"instock","13":"downloadable","14":"virtual","15":"purchasable","16":"product-type-simple","17":"has-product-nav","18":"col","19":"span_1_of_5","20":"owp-content-center","21":"owp-thumbs-layout-horizontal","22":"owp-btn-normal","23":"owp-tabs-layout-horizontal","24":"has-no-thumbnails"},"yoast_head":"<!-- This site is optimized with the Yoast SEO Premium plugin v27.3 (Yoast SEO v27.5) - https:\/\/yoast.com\/product\/yoast-seo-premium-wordpress\/ -->\n<title>Saint Sacrifice de la Messe \u2013 T\u00e9l\u00e9charger \u2013 MP4 - Bestellungen-EU<\/title>\n<meta name=\"description\" content=\"Saint Sacrifice de la Messe - MP4 - Vivez le Saint Sacrifice de la Messe de l&#039;\u00c9v\u00eaque-\u00e0-l&#039;\u00c9p\u00e9e, qui assiste mystiquement \u00e0 ce qui se passe sur l&#039;autel.\" \/>\n<meta name=\"robots\" content=\"index, follow, max-snippet:-1, max-image-preview:large, max-video-preview:-1\" \/>\n<link rel=\"canonical\" href=\"https:\/\/bestellungen-eu.ch\/fr\/produit\/saint-sacrifice-de-la-messe-telecharger-mp4\/\" \/>\n<meta property=\"og:locale\" content=\"fr_FR\" \/>\n<meta property=\"og:type\" content=\"article\" \/>\n<meta property=\"og:title\" content=\"Saint Sacrifice de la Messe \u2013 T\u00e9l\u00e9charger \u2013 MP4\" \/>\n<meta property=\"og:description\" content=\"Saint Sacrifice de la Messe - MP4 - Vivez le Saint Sacrifice de la Messe de l&#039;\u00c9v\u00eaque-\u00e0-l&#039;\u00c9p\u00e9e, qui assiste mystiquement \u00e0 ce qui se passe sur l&#039;autel.\" \/>\n<meta property=\"og:url\" content=\"https:\/\/bestellungen-eu.ch\/fr\/produit\/saint-sacrifice-de-la-messe-telecharger-mp4\/\" \/>\n<meta property=\"og:site_name\" content=\"Bestellungen-EU\" \/>\n<meta property=\"article:publisher\" content=\"https:\/\/www.facebook.com\/schwertbischof\" \/>\n<meta property=\"article:modified_time\" content=\"2025-02-01T08:56:39+00:00\" \/>\n<meta property=\"og:image\" content=\"https:\/\/bestellungen-eu.ch\/wp-content\/uploads\/2022\/04\/Download-Heiliges-Messopfer-Film-fr.png\" \/>\n\t<meta property=\"og:image:width\" content=\"1000\" \/>\n\t<meta property=\"og:image:height\" content=\"621\" \/>\n\t<meta property=\"og:image:type\" content=\"image\/png\" \/>\n<meta name=\"twitter:card\" content=\"summary_large_image\" \/>\n<meta name=\"twitter:site\" content=\"@schwertbischof\" \/>\n<meta name=\"twitter:label1\" content=\"Prix\" \/>\n\t<meta name=\"twitter:data1\" content=\"&euro;&nbsp;7.30\" \/>\n\t<meta name=\"twitter:label2\" content=\"Disponibilit\u00e9\" \/>\n\t<meta name=\"twitter:data2\" content=\"En stock\" \/>\n<script type=\"application\/ld+json\" class=\"yoast-schema-graph\">{\"@context\":\"https:\\\/\\\/schema.org\",\"@graph\":[{\"@type\":\"WebPage\",\"@id\":\"https:\\\/\\\/bestellungen-eu.ch\\\/fr\\\/produit\\\/saint-sacrifice-de-la-messe-telecharger-mp4\\\/\",\"url\":\"https:\\\/\\\/bestellungen-eu.ch\\\/fr\\\/produit\\\/saint-sacrifice-de-la-messe-telecharger-mp4\\\/\",\"name\":\"Saint Sacrifice de la Messe \u2013 T\u00e9l\u00e9charger \u2013 MP4 - Bestellungen-EU\",\"isPartOf\":{\"@id\":\"https:\\\/\\\/bestellungen-eu.ch\\\/#website\"},\"primaryImageOfPage\":{\"@id\":\"https:\\\/\\\/bestellungen-eu.ch\\\/fr\\\/produit\\\/saint-sacrifice-de-la-messe-telecharger-mp4\\\/#primaryimage\"},\"image\":{\"@id\":\"https:\\\/\\\/bestellungen-eu.ch\\\/fr\\\/produit\\\/saint-sacrifice-de-la-messe-telecharger-mp4\\\/#primaryimage\"},\"thumbnailUrl\":\"https:\\\/\\\/bestellungen-eu.ch\\\/wp-content\\\/uploads\\\/2022\\\/04\\\/Download-Heiliges-Messopfer-Film-fr.png\",\"datePublished\":\"2022-04-30T21:48:03+00:00\",\"dateModified\":\"2025-02-01T08:56:39+00:00\",\"description\":\"Saint Sacrifice de la Messe - MP4 - Vivez le Saint Sacrifice de la Messe de l'\u00c9v\u00eaque-\u00e0-l'\u00c9p\u00e9e, qui assiste mystiquement \u00e0 ce qui se passe sur l'autel.\",\"breadcrumb\":{\"@id\":\"https:\\\/\\\/bestellungen-eu.ch\\\/fr\\\/produit\\\/saint-sacrifice-de-la-messe-telecharger-mp4\\\/#breadcrumb\"},\"inLanguage\":\"fr-FR\",\"potentialAction\":[{\"@type\":\"ReadAction\",\"target\":[\"https:\\\/\\\/bestellungen-eu.ch\\\/fr\\\/produit\\\/saint-sacrifice-de-la-messe-telecharger-mp4\\\/\"]}]},{\"@type\":\"ImageObject\",\"inLanguage\":\"fr-FR\",\"@id\":\"https:\\\/\\\/bestellungen-eu.ch\\\/fr\\\/produit\\\/saint-sacrifice-de-la-messe-telecharger-mp4\\\/#primaryimage\",\"url\":\"https:\\\/\\\/bestellungen-eu.ch\\\/wp-content\\\/uploads\\\/2022\\\/04\\\/Download-Heiliges-Messopfer-Film-fr.png\",\"contentUrl\":\"https:\\\/\\\/bestellungen-eu.ch\\\/wp-content\\\/uploads\\\/2022\\\/04\\\/Download-Heiliges-Messopfer-Film-fr.png\",\"width\":1000,\"height\":621},{\"@type\":\"BreadcrumbList\",\"@id\":\"https:\\\/\\\/bestellungen-eu.ch\\\/fr\\\/produit\\\/saint-sacrifice-de-la-messe-telecharger-mp4\\\/#breadcrumb\",\"itemListElement\":[{\"@type\":\"ListItem\",\"position\":1,\"name\":\"Startseite\",\"item\":\"https:\\\/\\\/bestellungen-eu.ch\\\/fr\\\/\"},{\"@type\":\"ListItem\",\"position\":2,\"name\":\"Boutique\",\"item\":\"https:\\\/\\\/bestellungen-eu.ch\\\/fr\\\/boutique\\\/\"},{\"@type\":\"ListItem\",\"position\":3,\"name\":\"Saint Sacrifice de la Messe \u2013 T\u00e9l\u00e9charger \u2013 MP4\"}]},{\"@type\":\"WebSite\",\"@id\":\"https:\\\/\\\/bestellungen-eu.ch\\\/#website\",\"url\":\"https:\\\/\\\/bestellungen-eu.ch\\\/\",\"name\":\"Bestellungen-EU\",\"description\":\"f\u00fcr Bestellungen aus EU-L\u00e4ndern und anderen L\u00e4ndern\",\"publisher\":{\"@id\":\"https:\\\/\\\/bestellungen-eu.ch\\\/#organization\"},\"potentialAction\":[{\"@type\":\"SearchAction\",\"target\":{\"@type\":\"EntryPoint\",\"urlTemplate\":\"https:\\\/\\\/bestellungen-eu.ch\\\/?s={search_term_string}\"},\"query-input\":{\"@type\":\"PropertyValueSpecification\",\"valueRequired\":true,\"valueName\":\"search_term_string\"}}],\"inLanguage\":\"fr-FR\"},{\"@type\":\"Organization\",\"@id\":\"https:\\\/\\\/bestellungen-eu.ch\\\/#organization\",\"name\":\"Bestellungen-EU\",\"url\":\"https:\\\/\\\/bestellungen-eu.ch\\\/\",\"logo\":{\"@type\":\"ImageObject\",\"inLanguage\":\"fr-FR\",\"@id\":\"https:\\\/\\\/bestellungen-eu.ch\\\/#\\\/schema\\\/logo\\\/image\\\/\",\"url\":\"https:\\\/\\\/bestellungen-eu.ch\\\/wp-content\\\/uploads\\\/2023\\\/09\\\/Neuchchristen-Logo-grau.png\",\"contentUrl\":\"https:\\\/\\\/bestellungen-eu.ch\\\/wp-content\\\/uploads\\\/2023\\\/09\\\/Neuchchristen-Logo-grau.png\",\"width\":295,\"height\":295,\"caption\":\"Bestellungen-EU\"},\"image\":{\"@id\":\"https:\\\/\\\/bestellungen-eu.ch\\\/#\\\/schema\\\/logo\\\/image\\\/\"},\"sameAs\":[\"https:\\\/\\\/www.facebook.com\\\/schwertbischof\",\"https:\\\/\\\/x.com\\\/schwertbischof\",\"https:\\\/\\\/neuchristen.com\\\/\",\"https:\\\/\\\/schwert-bischof.tv\\\/\",\"https:\\\/\\\/neuchristen-kinderkanal.com\\\/\"]}]}<\/script>\n<meta property=\"product:price:amount\" content=\"7.30\" \/>\n<meta property=\"product:price:currency\" content=\"EUR\" \/>\n<meta property=\"og:availability\" content=\"instock\" \/>\n<meta property=\"product:availability\" content=\"instock\" \/>\n<meta property=\"product:retailer_item_id\" content=\"1003-1\" \/>\n<meta property=\"product:condition\" content=\"new\" \/>\n<!-- \/ Yoast SEO Premium plugin. -->","yoast_head_json":{"title":"Saint Sacrifice de la Messe \u2013 T\u00e9l\u00e9charger \u2013 MP4 - Bestellungen-EU","description":"Saint Sacrifice de la Messe - MP4 - Vivez le Saint Sacrifice de la Messe de l'\u00c9v\u00eaque-\u00e0-l'\u00c9p\u00e9e, qui assiste mystiquement \u00e0 ce qui se passe sur l'autel.","robots":{"index":"index","follow":"follow","max-snippet":"max-snippet:-1","max-image-preview":"max-image-preview:large","max-video-preview":"max-video-preview:-1"},"canonical":"https:\/\/bestellungen-eu.ch\/fr\/produit\/saint-sacrifice-de-la-messe-telecharger-mp4\/","og_locale":"fr_FR","og_type":"article","og_title":"Saint Sacrifice de la Messe \u2013 T\u00e9l\u00e9charger \u2013 MP4","og_description":"Saint Sacrifice de la Messe - MP4 - Vivez le Saint Sacrifice de la Messe de l'\u00c9v\u00eaque-\u00e0-l'\u00c9p\u00e9e, qui assiste mystiquement \u00e0 ce qui se passe sur l'autel.","og_url":"https:\/\/bestellungen-eu.ch\/fr\/produit\/saint-sacrifice-de-la-messe-telecharger-mp4\/","og_site_name":"Bestellungen-EU","article_publisher":"https:\/\/www.facebook.com\/schwertbischof","article_modified_time":"2025-02-01T08:56:39+00:00","og_image":[{"width":1000,"height":621,"url":"https:\/\/bestellungen-eu.ch\/wp-content\/uploads\/2022\/04\/Download-Heiliges-Messopfer-Film-fr.png","type":"image\/png"}],"twitter_card":"summary_large_image","twitter_site":"@schwertbischof","twitter_misc":{"Prix":"&euro;&nbsp;7.30","Disponibilit\u00e9":"En stock"},"schema":{"@context":"https:\/\/schema.org","@graph":[{"@type":"WebPage","@id":"https:\/\/bestellungen-eu.ch\/fr\/produit\/saint-sacrifice-de-la-messe-telecharger-mp4\/","url":"https:\/\/bestellungen-eu.ch\/fr\/produit\/saint-sacrifice-de-la-messe-telecharger-mp4\/","name":"Saint Sacrifice de la Messe \u2013 T\u00e9l\u00e9charger \u2013 MP4 - Bestellungen-EU","isPartOf":{"@id":"https:\/\/bestellungen-eu.ch\/#website"},"primaryImageOfPage":{"@id":"https:\/\/bestellungen-eu.ch\/fr\/produit\/saint-sacrifice-de-la-messe-telecharger-mp4\/#primaryimage"},"image":{"@id":"https:\/\/bestellungen-eu.ch\/fr\/produit\/saint-sacrifice-de-la-messe-telecharger-mp4\/#primaryimage"},"thumbnailUrl":"https:\/\/bestellungen-eu.ch\/wp-content\/uploads\/2022\/04\/Download-Heiliges-Messopfer-Film-fr.png","datePublished":"2022-04-30T21:48:03+00:00","dateModified":"2025-02-01T08:56:39+00:00","description":"Saint Sacrifice de la Messe - MP4 - Vivez le Saint Sacrifice de la Messe de l'\u00c9v\u00eaque-\u00e0-l'\u00c9p\u00e9e, qui assiste mystiquement \u00e0 ce qui se passe sur l'autel.","breadcrumb":{"@id":"https:\/\/bestellungen-eu.ch\/fr\/produit\/saint-sacrifice-de-la-messe-telecharger-mp4\/#breadcrumb"},"inLanguage":"fr-FR","potentialAction":[{"@type":"ReadAction","target":["https:\/\/bestellungen-eu.ch\/fr\/produit\/saint-sacrifice-de-la-messe-telecharger-mp4\/"]}]},{"@type":"ImageObject","inLanguage":"fr-FR","@id":"https:\/\/bestellungen-eu.ch\/fr\/produit\/saint-sacrifice-de-la-messe-telecharger-mp4\/#primaryimage","url":"https:\/\/bestellungen-eu.ch\/wp-content\/uploads\/2022\/04\/Download-Heiliges-Messopfer-Film-fr.png","contentUrl":"https:\/\/bestellungen-eu.ch\/wp-content\/uploads\/2022\/04\/Download-Heiliges-Messopfer-Film-fr.png","width":1000,"height":621},{"@type":"BreadcrumbList","@id":"https:\/\/bestellungen-eu.ch\/fr\/produit\/saint-sacrifice-de-la-messe-telecharger-mp4\/#breadcrumb","itemListElement":[{"@type":"ListItem","position":1,"name":"Startseite","item":"https:\/\/bestellungen-eu.ch\/fr\/"},{"@type":"ListItem","position":2,"name":"Boutique","item":"https:\/\/bestellungen-eu.ch\/fr\/boutique\/"},{"@type":"ListItem","position":3,"name":"Saint Sacrifice de la Messe \u2013 T\u00e9l\u00e9charger \u2013 MP4"}]},{"@type":"WebSite","@id":"https:\/\/bestellungen-eu.ch\/#website","url":"https:\/\/bestellungen-eu.ch\/","name":"Bestellungen-EU","description":"f\u00fcr Bestellungen aus EU-L\u00e4ndern und anderen L\u00e4ndern","publisher":{"@id":"https:\/\/bestellungen-eu.ch\/#organization"},"potentialAction":[{"@type":"SearchAction","target":{"@type":"EntryPoint","urlTemplate":"https:\/\/bestellungen-eu.ch\/?s={search_term_string}"},"query-input":{"@type":"PropertyValueSpecification","valueRequired":true,"valueName":"search_term_string"}}],"inLanguage":"fr-FR"},{"@type":"Organization","@id":"https:\/\/bestellungen-eu.ch\/#organization","name":"Bestellungen-EU","url":"https:\/\/bestellungen-eu.ch\/","logo":{"@type":"ImageObject","inLanguage":"fr-FR","@id":"https:\/\/bestellungen-eu.ch\/#\/schema\/logo\/image\/","url":"https:\/\/bestellungen-eu.ch\/wp-content\/uploads\/2023\/09\/Neuchchristen-Logo-grau.png","contentUrl":"https:\/\/bestellungen-eu.ch\/wp-content\/uploads\/2023\/09\/Neuchchristen-Logo-grau.png","width":295,"height":295,"caption":"Bestellungen-EU"},"image":{"@id":"https:\/\/bestellungen-eu.ch\/#\/schema\/logo\/image\/"},"sameAs":["https:\/\/www.facebook.com\/schwertbischof","https:\/\/x.com\/schwertbischof","https:\/\/neuchristen.com\/","https:\/\/schwert-bischof.tv\/","https:\/\/neuchristen-kinderkanal.com\/"]}]},"product_price_amount":"7.30","product_price_currency":"EUR","og_availability":"instock","product_availability":"instock","product_retailer_item_id":"1003-1","product_condition":"new"},"_links":{"self":[{"href":"https:\/\/bestellungen-eu.ch\/fr\/wp-json\/wp\/v2\/product\/3088","targetHints":{"allow":["GET"]}}],"collection":[{"href":"https:\/\/bestellungen-eu.ch\/fr\/wp-json\/wp\/v2\/product"}],"about":[{"href":"https:\/\/bestellungen-eu.ch\/fr\/wp-json\/wp\/v2\/types\/product"}],"wp:featuredmedia":[{"embeddable":true,"href":"https:\/\/bestellungen-eu.ch\/fr\/wp-json\/wp\/v2\/media\/3089"}],"wp:attachment":[{"href":"https:\/\/bestellungen-eu.ch\/fr\/wp-json\/wp\/v2\/media?parent=3088"}],"wp:term":[{"taxonomy":"product_brand","embeddable":true,"href":"https:\/\/bestellungen-eu.ch\/fr\/wp-json\/wp\/v2\/product_brand?post=3088"},{"taxonomy":"product_cat","embeddable":true,"href":"https:\/\/bestellungen-eu.ch\/fr\/wp-json\/wp\/v2\/product_cat?post=3088"},{"taxonomy":"product_tag","embeddable":true,"href":"https:\/\/bestellungen-eu.ch\/fr\/wp-json\/wp\/v2\/product_tag?post=3088"}],"curies":[{"name":"wp","href":"https:\/\/api.w.org\/{rel}","templated":true}]}}