{"id":3513,"date":"2021-03-13T21:35:46","date_gmt":"2021-03-13T21:35:46","guid":{"rendered":"https:\/\/bestellungen-eu.ch\/produkt\/rosenkranz-achat-tigerauge-braun\/"},"modified":"2025-07-22T16:52:52","modified_gmt":"2025-07-22T16:52:52","slug":"chapelet-agate-oeil-de-tigre-brun","status":"publish","type":"product","link":"https:\/\/bestellungen-eu.ch\/fr\/produit\/chapelet-agate-oeil-de-tigre-brun\/","title":{"rendered":"Chapelet \u2013 Agate \u0153il de tigre brun"},"content":{"rendered":"<p>Chapelet de fabrication maison avec crucifix en tr\u00e8fle et m\u00e9daille \u00e0 trois trous (fabrications sp\u00e9ciales)<\/p>\n","protected":false},"excerpt":{"rendered":"<p>Le chapelet est fait \u00e0 la main.<br \/>\nMat\u00e9riel: Agate \u2013 \u0153il de tigre<br \/>\nCouleur: brun<br \/>\nCrucifix en forme de tr\u00e8fle: 42 mm x 26 mm<br \/>\nM\u00e9daille \u00e0 trois trous: recto M\u00e8re de DIEU \u2013 verso SAINT-ESPRIT<br \/>\nPerles: \u00d8 8 mm<\/p>\n<p>N\u00b0 de commande 1118<\/p>\n","protected":false},"featured_media":2861,"template":"","meta":{"ocean_post_layout":"full-width","ocean_both_sidebars_style":"","ocean_both_sidebars_content_width":0,"ocean_both_sidebars_sidebars_width":0,"ocean_sidebar":"0","ocean_second_sidebar":"0","ocean_disable_margins":"enable","ocean_add_body_class":"","ocean_shortcode_before_top_bar":"","ocean_shortcode_after_top_bar":"","ocean_shortcode_before_header":"","ocean_shortcode_after_header":"","ocean_has_shortcode":"","ocean_shortcode_after_title":"","ocean_shortcode_before_footer_widgets":"","ocean_shortcode_after_footer_widgets":"","ocean_shortcode_before_footer_bottom":"","ocean_shortcode_after_footer_bottom":"","ocean_display_top_bar":"on","ocean_display_header":"on","ocean_header_style":"","ocean_center_header_left_menu":"0","ocean_custom_header_template":"0","ocean_custom_logo":0,"ocean_custom_retina_logo":0,"ocean_custom_logo_max_width":0,"ocean_custom_logo_tablet_max_width":0,"ocean_custom_logo_mobile_max_width":0,"ocean_custom_logo_max_height":0,"ocean_custom_logo_tablet_max_height":0,"ocean_custom_logo_mobile_max_height":0,"ocean_header_custom_menu":"0","ocean_menu_typo_font_family":"0","ocean_menu_typo_font_subset":"","ocean_menu_typo_font_size":0,"ocean_menu_typo_font_size_tablet":0,"ocean_menu_typo_font_size_mobile":0,"ocean_menu_typo_font_size_unit":"px","ocean_menu_typo_font_weight":"","ocean_menu_typo_font_weight_tablet":"","ocean_menu_typo_font_weight_mobile":"","ocean_menu_typo_transform":"","ocean_menu_typo_transform_tablet":"","ocean_menu_typo_transform_mobile":"","ocean_menu_typo_line_height":0,"ocean_menu_typo_line_height_tablet":0,"ocean_menu_typo_line_height_mobile":0,"ocean_menu_typo_line_height_unit":"","ocean_menu_typo_spacing":0,"ocean_menu_typo_spacing_tablet":0,"ocean_menu_typo_spacing_mobile":0,"ocean_menu_typo_spacing_unit":"","ocean_menu_link_color":"","ocean_menu_link_color_hover":"","ocean_menu_link_color_active":"","ocean_menu_link_background":"","ocean_menu_link_hover_background":"","ocean_menu_link_active_background":"","ocean_menu_social_links_bg":"","ocean_menu_social_hover_links_bg":"","ocean_menu_social_links_color":"","ocean_menu_social_hover_links_color":"","ocean_disable_title":"on","ocean_disable_heading":"default","ocean_post_title":"","ocean_post_subheading":"","ocean_post_title_style":"","ocean_post_title_background_color":"","ocean_post_title_background":0,"ocean_post_title_bg_image_position":"","ocean_post_title_bg_image_attachment":"","ocean_post_title_bg_image_repeat":"","ocean_post_title_bg_image_size":"","ocean_post_title_height":0,"ocean_post_title_bg_overlay":0.5,"ocean_post_title_bg_overlay_color":"","ocean_disable_breadcrumbs":"default","ocean_breadcrumbs_color":"","ocean_breadcrumbs_separator_color":"","ocean_breadcrumbs_links_color":"","ocean_breadcrumbs_links_hover_color":"","ocean_display_footer_widgets":"on","ocean_display_footer_bottom":"on","ocean_custom_footer_template":"0"},"product_brand":[],"product_cat":[145],"product_tag":[],"class_list":{"0":"post-3513","1":"product","2":"type-product","3":"status-publish","4":"has-post-thumbnail","6":"product_cat-sacramentaux","8":"entry","9":"has-media","11":"first","12":"instock","13":"purchasable","14":"product-type-simple","15":"has-product-nav","16":"col","17":"span_1_of_5","18":"owp-content-center","19":"owp-thumbs-layout-horizontal","20":"owp-btn-normal","21":"owp-tabs-layout-horizontal","22":"has-no-thumbnails"},"yoast_head":"<!-- This site is optimized with the Yoast SEO Premium plugin v27.3 (Yoast SEO v27.4) - https:\/\/yoast.com\/product\/yoast-seo-premium-wordpress\/ -->\n<title>Chapelet \u2013 Agate \u0153il de tigre brun - Bestellungen-EU<\/title>\n<meta name=\"description\" content=\"Chapelet \u2013 Agate \u0153il de tigre brun \u2013 Chapelet de fabrication maison avec crucifix en tr\u00e8fle et m\u00e9daille \u00e0 trois trous (fabrications sp\u00e9ciales)\" \/>\n<meta name=\"robots\" content=\"index, follow, max-snippet:-1, max-image-preview:large, max-video-preview:-1\" \/>\n<link rel=\"canonical\" href=\"https:\/\/bestellungen-eu.ch\/fr\/produit\/chapelet-agate-oeil-de-tigre-brun\/\" \/>\n<meta property=\"og:locale\" content=\"fr_FR\" \/>\n<meta property=\"og:type\" content=\"article\" \/>\n<meta property=\"og:title\" content=\"Chapelet \u2013 Agate \u0153il de tigre brun\" \/>\n<meta property=\"og:description\" content=\"Chapelet \u2013 Agate \u0153il de tigre brun \u2013 Chapelet de fabrication maison avec crucifix en tr\u00e8fle et m\u00e9daille \u00e0 trois trous (fabrications sp\u00e9ciales)\" \/>\n<meta property=\"og:url\" content=\"https:\/\/bestellungen-eu.ch\/fr\/produit\/chapelet-agate-oeil-de-tigre-brun\/\" \/>\n<meta property=\"og:site_name\" content=\"Bestellungen-EU\" \/>\n<meta property=\"article:publisher\" content=\"https:\/\/www.facebook.com\/schwertbischof\" \/>\n<meta property=\"article:modified_time\" content=\"2025-07-22T16:52:52+00:00\" \/>\n<meta property=\"og:image\" content=\"https:\/\/bestellungen-eu.ch\/wp-content\/uploads\/2021\/03\/Achat-Tigerauge-braun-2-901x1024.png\" \/>\n\t<meta property=\"og:image:width\" content=\"901\" \/>\n\t<meta property=\"og:image:height\" content=\"1024\" \/>\n\t<meta property=\"og:image:type\" content=\"image\/png\" \/>\n<meta name=\"twitter:card\" content=\"summary_large_image\" \/>\n<meta name=\"twitter:site\" content=\"@schwertbischof\" \/>\n<meta name=\"twitter:label1\" content=\"Prix\" \/>\n\t<meta name=\"twitter:data1\" content=\"&euro;&nbsp;14.50\" \/>\n\t<meta name=\"twitter:label2\" content=\"Disponibilit\u00e9\" \/>\n\t<meta name=\"twitter:data2\" content=\"En stock\" \/>\n<script type=\"application\/ld+json\" class=\"yoast-schema-graph\">{\"@context\":\"https:\\\/\\\/schema.org\",\"@graph\":[{\"@type\":\"WebPage\",\"@id\":\"https:\\\/\\\/bestellungen-eu.ch\\\/fr\\\/produit\\\/chapelet-agate-oeil-de-tigre-brun\\\/\",\"url\":\"https:\\\/\\\/bestellungen-eu.ch\\\/fr\\\/produit\\\/chapelet-agate-oeil-de-tigre-brun\\\/\",\"name\":\"Chapelet \u2013 Agate \u0153il de tigre brun - Bestellungen-EU\",\"isPartOf\":{\"@id\":\"https:\\\/\\\/bestellungen-eu.ch\\\/#website\"},\"primaryImageOfPage\":{\"@id\":\"https:\\\/\\\/bestellungen-eu.ch\\\/fr\\\/produit\\\/chapelet-agate-oeil-de-tigre-brun\\\/#primaryimage\"},\"image\":{\"@id\":\"https:\\\/\\\/bestellungen-eu.ch\\\/fr\\\/produit\\\/chapelet-agate-oeil-de-tigre-brun\\\/#primaryimage\"},\"thumbnailUrl\":\"https:\\\/\\\/bestellungen-eu.ch\\\/wp-content\\\/uploads\\\/2021\\\/03\\\/Achat-Tigerauge-braun-2.png\",\"datePublished\":\"2021-03-13T21:35:46+00:00\",\"dateModified\":\"2025-07-22T16:52:52+00:00\",\"description\":\"Chapelet \u2013 Agate \u0153il de tigre brun \u2013 Chapelet de fabrication maison avec crucifix en tr\u00e8fle et m\u00e9daille \u00e0 trois trous (fabrications sp\u00e9ciales)\",\"breadcrumb\":{\"@id\":\"https:\\\/\\\/bestellungen-eu.ch\\\/fr\\\/produit\\\/chapelet-agate-oeil-de-tigre-brun\\\/#breadcrumb\"},\"inLanguage\":\"fr-FR\",\"potentialAction\":[{\"@type\":\"ReadAction\",\"target\":[\"https:\\\/\\\/bestellungen-eu.ch\\\/fr\\\/produit\\\/chapelet-agate-oeil-de-tigre-brun\\\/\"]}]},{\"@type\":\"ImageObject\",\"inLanguage\":\"fr-FR\",\"@id\":\"https:\\\/\\\/bestellungen-eu.ch\\\/fr\\\/produit\\\/chapelet-agate-oeil-de-tigre-brun\\\/#primaryimage\",\"url\":\"https:\\\/\\\/bestellungen-eu.ch\\\/wp-content\\\/uploads\\\/2021\\\/03\\\/Achat-Tigerauge-braun-2.png\",\"contentUrl\":\"https:\\\/\\\/bestellungen-eu.ch\\\/wp-content\\\/uploads\\\/2021\\\/03\\\/Achat-Tigerauge-braun-2.png\",\"width\":2184,\"height\":2482},{\"@type\":\"BreadcrumbList\",\"@id\":\"https:\\\/\\\/bestellungen-eu.ch\\\/fr\\\/produit\\\/chapelet-agate-oeil-de-tigre-brun\\\/#breadcrumb\",\"itemListElement\":[{\"@type\":\"ListItem\",\"position\":1,\"name\":\"Startseite\",\"item\":\"https:\\\/\\\/bestellungen-eu.ch\\\/fr\\\/\"},{\"@type\":\"ListItem\",\"position\":2,\"name\":\"Boutique\",\"item\":\"https:\\\/\\\/bestellungen-eu.ch\\\/fr\\\/boutique\\\/\"},{\"@type\":\"ListItem\",\"position\":3,\"name\":\"Chapelet \u2013 Agate \u0153il de tigre brun\"}]},{\"@type\":\"WebSite\",\"@id\":\"https:\\\/\\\/bestellungen-eu.ch\\\/#website\",\"url\":\"https:\\\/\\\/bestellungen-eu.ch\\\/\",\"name\":\"Bestellungen-EU\",\"description\":\"f\u00fcr Bestellungen aus EU-L\u00e4ndern und anderen L\u00e4ndern\",\"publisher\":{\"@id\":\"https:\\\/\\\/bestellungen-eu.ch\\\/#organization\"},\"potentialAction\":[{\"@type\":\"SearchAction\",\"target\":{\"@type\":\"EntryPoint\",\"urlTemplate\":\"https:\\\/\\\/bestellungen-eu.ch\\\/?s={search_term_string}\"},\"query-input\":{\"@type\":\"PropertyValueSpecification\",\"valueRequired\":true,\"valueName\":\"search_term_string\"}}],\"inLanguage\":\"fr-FR\"},{\"@type\":\"Organization\",\"@id\":\"https:\\\/\\\/bestellungen-eu.ch\\\/#organization\",\"name\":\"Bestellungen-EU\",\"url\":\"https:\\\/\\\/bestellungen-eu.ch\\\/\",\"logo\":{\"@type\":\"ImageObject\",\"inLanguage\":\"fr-FR\",\"@id\":\"https:\\\/\\\/bestellungen-eu.ch\\\/#\\\/schema\\\/logo\\\/image\\\/\",\"url\":\"https:\\\/\\\/bestellungen-eu.ch\\\/wp-content\\\/uploads\\\/2023\\\/09\\\/Neuchchristen-Logo-grau.png\",\"contentUrl\":\"https:\\\/\\\/bestellungen-eu.ch\\\/wp-content\\\/uploads\\\/2023\\\/09\\\/Neuchchristen-Logo-grau.png\",\"width\":295,\"height\":295,\"caption\":\"Bestellungen-EU\"},\"image\":{\"@id\":\"https:\\\/\\\/bestellungen-eu.ch\\\/#\\\/schema\\\/logo\\\/image\\\/\"},\"sameAs\":[\"https:\\\/\\\/www.facebook.com\\\/schwertbischof\",\"https:\\\/\\\/x.com\\\/schwertbischof\",\"https:\\\/\\\/neuchristen.com\\\/\",\"https:\\\/\\\/schwert-bischof.tv\\\/\",\"https:\\\/\\\/neuchristen-kinderkanal.com\\\/\"]}]}<\/script>\n<meta property=\"product:price:amount\" content=\"14.50\" \/>\n<meta property=\"product:price:currency\" content=\"EUR\" \/>\n<meta property=\"og:availability\" content=\"instock\" \/>\n<meta property=\"product:availability\" content=\"instock\" \/>\n<meta property=\"product:retailer_item_id\" content=\"1118\" \/>\n<meta property=\"product:condition\" content=\"new\" \/>\n<!-- \/ Yoast SEO Premium plugin. -->","yoast_head_json":{"title":"Chapelet \u2013 Agate \u0153il de tigre brun - Bestellungen-EU","description":"Chapelet \u2013 Agate \u0153il de tigre brun \u2013 Chapelet de fabrication maison avec crucifix en tr\u00e8fle et m\u00e9daille \u00e0 trois trous (fabrications sp\u00e9ciales)","robots":{"index":"index","follow":"follow","max-snippet":"max-snippet:-1","max-image-preview":"max-image-preview:large","max-video-preview":"max-video-preview:-1"},"canonical":"https:\/\/bestellungen-eu.ch\/fr\/produit\/chapelet-agate-oeil-de-tigre-brun\/","og_locale":"fr_FR","og_type":"article","og_title":"Chapelet \u2013 Agate \u0153il de tigre brun","og_description":"Chapelet \u2013 Agate \u0153il de tigre brun \u2013 Chapelet de fabrication maison avec crucifix en tr\u00e8fle et m\u00e9daille \u00e0 trois trous (fabrications sp\u00e9ciales)","og_url":"https:\/\/bestellungen-eu.ch\/fr\/produit\/chapelet-agate-oeil-de-tigre-brun\/","og_site_name":"Bestellungen-EU","article_publisher":"https:\/\/www.facebook.com\/schwertbischof","article_modified_time":"2025-07-22T16:52:52+00:00","og_image":[{"width":901,"height":1024,"url":"https:\/\/bestellungen-eu.ch\/wp-content\/uploads\/2021\/03\/Achat-Tigerauge-braun-2-901x1024.png","type":"image\/png"}],"twitter_card":"summary_large_image","twitter_site":"@schwertbischof","twitter_misc":{"Prix":"&euro;&nbsp;14.50","Disponibilit\u00e9":"En stock"},"schema":{"@context":"https:\/\/schema.org","@graph":[{"@type":"WebPage","@id":"https:\/\/bestellungen-eu.ch\/fr\/produit\/chapelet-agate-oeil-de-tigre-brun\/","url":"https:\/\/bestellungen-eu.ch\/fr\/produit\/chapelet-agate-oeil-de-tigre-brun\/","name":"Chapelet \u2013 Agate \u0153il de tigre brun - Bestellungen-EU","isPartOf":{"@id":"https:\/\/bestellungen-eu.ch\/#website"},"primaryImageOfPage":{"@id":"https:\/\/bestellungen-eu.ch\/fr\/produit\/chapelet-agate-oeil-de-tigre-brun\/#primaryimage"},"image":{"@id":"https:\/\/bestellungen-eu.ch\/fr\/produit\/chapelet-agate-oeil-de-tigre-brun\/#primaryimage"},"thumbnailUrl":"https:\/\/bestellungen-eu.ch\/wp-content\/uploads\/2021\/03\/Achat-Tigerauge-braun-2.png","datePublished":"2021-03-13T21:35:46+00:00","dateModified":"2025-07-22T16:52:52+00:00","description":"Chapelet \u2013 Agate \u0153il de tigre brun \u2013 Chapelet de fabrication maison avec crucifix en tr\u00e8fle et m\u00e9daille \u00e0 trois trous (fabrications sp\u00e9ciales)","breadcrumb":{"@id":"https:\/\/bestellungen-eu.ch\/fr\/produit\/chapelet-agate-oeil-de-tigre-brun\/#breadcrumb"},"inLanguage":"fr-FR","potentialAction":[{"@type":"ReadAction","target":["https:\/\/bestellungen-eu.ch\/fr\/produit\/chapelet-agate-oeil-de-tigre-brun\/"]}]},{"@type":"ImageObject","inLanguage":"fr-FR","@id":"https:\/\/bestellungen-eu.ch\/fr\/produit\/chapelet-agate-oeil-de-tigre-brun\/#primaryimage","url":"https:\/\/bestellungen-eu.ch\/wp-content\/uploads\/2021\/03\/Achat-Tigerauge-braun-2.png","contentUrl":"https:\/\/bestellungen-eu.ch\/wp-content\/uploads\/2021\/03\/Achat-Tigerauge-braun-2.png","width":2184,"height":2482},{"@type":"BreadcrumbList","@id":"https:\/\/bestellungen-eu.ch\/fr\/produit\/chapelet-agate-oeil-de-tigre-brun\/#breadcrumb","itemListElement":[{"@type":"ListItem","position":1,"name":"Startseite","item":"https:\/\/bestellungen-eu.ch\/fr\/"},{"@type":"ListItem","position":2,"name":"Boutique","item":"https:\/\/bestellungen-eu.ch\/fr\/boutique\/"},{"@type":"ListItem","position":3,"name":"Chapelet \u2013 Agate \u0153il de tigre brun"}]},{"@type":"WebSite","@id":"https:\/\/bestellungen-eu.ch\/#website","url":"https:\/\/bestellungen-eu.ch\/","name":"Bestellungen-EU","description":"f\u00fcr Bestellungen aus EU-L\u00e4ndern und anderen L\u00e4ndern","publisher":{"@id":"https:\/\/bestellungen-eu.ch\/#organization"},"potentialAction":[{"@type":"SearchAction","target":{"@type":"EntryPoint","urlTemplate":"https:\/\/bestellungen-eu.ch\/?s={search_term_string}"},"query-input":{"@type":"PropertyValueSpecification","valueRequired":true,"valueName":"search_term_string"}}],"inLanguage":"fr-FR"},{"@type":"Organization","@id":"https:\/\/bestellungen-eu.ch\/#organization","name":"Bestellungen-EU","url":"https:\/\/bestellungen-eu.ch\/","logo":{"@type":"ImageObject","inLanguage":"fr-FR","@id":"https:\/\/bestellungen-eu.ch\/#\/schema\/logo\/image\/","url":"https:\/\/bestellungen-eu.ch\/wp-content\/uploads\/2023\/09\/Neuchchristen-Logo-grau.png","contentUrl":"https:\/\/bestellungen-eu.ch\/wp-content\/uploads\/2023\/09\/Neuchchristen-Logo-grau.png","width":295,"height":295,"caption":"Bestellungen-EU"},"image":{"@id":"https:\/\/bestellungen-eu.ch\/#\/schema\/logo\/image\/"},"sameAs":["https:\/\/www.facebook.com\/schwertbischof","https:\/\/x.com\/schwertbischof","https:\/\/neuchristen.com\/","https:\/\/schwert-bischof.tv\/","https:\/\/neuchristen-kinderkanal.com\/"]}]},"product_price_amount":"14.50","product_price_currency":"EUR","og_availability":"instock","product_availability":"instock","product_retailer_item_id":"1118","product_condition":"new"},"_links":{"self":[{"href":"https:\/\/bestellungen-eu.ch\/fr\/wp-json\/wp\/v2\/product\/3513","targetHints":{"allow":["GET"]}}],"collection":[{"href":"https:\/\/bestellungen-eu.ch\/fr\/wp-json\/wp\/v2\/product"}],"about":[{"href":"https:\/\/bestellungen-eu.ch\/fr\/wp-json\/wp\/v2\/types\/product"}],"wp:featuredmedia":[{"embeddable":true,"href":"https:\/\/bestellungen-eu.ch\/fr\/wp-json\/wp\/v2\/media\/2861"}],"wp:attachment":[{"href":"https:\/\/bestellungen-eu.ch\/fr\/wp-json\/wp\/v2\/media?parent=3513"}],"wp:term":[{"taxonomy":"product_brand","embeddable":true,"href":"https:\/\/bestellungen-eu.ch\/fr\/wp-json\/wp\/v2\/product_brand?post=3513"},{"taxonomy":"product_cat","embeddable":true,"href":"https:\/\/bestellungen-eu.ch\/fr\/wp-json\/wp\/v2\/product_cat?post=3513"},{"taxonomy":"product_tag","embeddable":true,"href":"https:\/\/bestellungen-eu.ch\/fr\/wp-json\/wp\/v2\/product_tag?post=3513"}],"curies":[{"name":"wp","href":"https:\/\/api.w.org\/{rel}","templated":true}]}}