{"id":4388,"date":"2022-05-29T00:02:43","date_gmt":"2022-05-29T00:02:43","guid":{"rendered":"https:\/\/bestellungen-eu.ch\/produkt\/les-sept-saints-sacrements\/"},"modified":"2025-02-01T08:50:52","modified_gmt":"2025-02-01T08:50:52","slug":"les-sept-saints-sacrements","status":"publish","type":"product","link":"https:\/\/bestellungen-eu.ch\/fr\/produit\/les-sept-saints-sacrements\/","title":{"rendered":"Les sept saints Sacrements"},"content":{"rendered":"<p>Il n\u2019existe qu\u2019une \u00c9glise \u2013 \u00e0 savoir celle que J\u00c9SUS-CHRIST a fond\u00e9 Lui-m\u00eame et qui doit s\u2019appuyer sur le premier \u00e9v\u00eaque \u2013 Pierre, le roc! C\u2019est pour cela aussi qu\u2019on l\u2019appelle apostolique. C\u2019est l\u2019\u00c9glise qui poss\u00e8de les sept saints Sacrements \u2013 les h\u00e9ritages de J\u00c9SUS. Dans les Sacrements de l\u2019\u00c9glise, les fid\u00e8les viennent y chercher la d\u00e9fense contre le p\u00e9ch\u00e9 et la force pour une vie agr\u00e9able \u00e0 DIEU.<\/p>\n<p>Et c\u2019est ainsi que nous trouvons aussi tous les sept Sacrements attest\u00e9s dans les Saintes \u00c9critures.<\/p>\n","protected":false},"excerpt":{"rendered":"<p>Brochure \u2013 32 pages<\/p>\n<p>N\u00b0 de commande 1169<\/p>\n","protected":false},"featured_media":4375,"template":"","meta":{"ocean_post_layout":"full-width","ocean_both_sidebars_style":"","ocean_both_sidebars_content_width":0,"ocean_both_sidebars_sidebars_width":0,"ocean_sidebar":"0","ocean_second_sidebar":"0","ocean_disable_margins":"enable","ocean_add_body_class":"","ocean_shortcode_before_top_bar":"","ocean_shortcode_after_top_bar":"","ocean_shortcode_before_header":"","ocean_shortcode_after_header":"","ocean_has_shortcode":"","ocean_shortcode_after_title":"","ocean_shortcode_before_footer_widgets":"","ocean_shortcode_after_footer_widgets":"","ocean_shortcode_before_footer_bottom":"","ocean_shortcode_after_footer_bottom":"","ocean_display_top_bar":"on","ocean_display_header":"on","ocean_header_style":"","ocean_center_header_left_menu":"0","ocean_custom_header_template":"0","ocean_custom_logo":0,"ocean_custom_retina_logo":0,"ocean_custom_logo_max_width":0,"ocean_custom_logo_tablet_max_width":0,"ocean_custom_logo_mobile_max_width":0,"ocean_custom_logo_max_height":0,"ocean_custom_logo_tablet_max_height":0,"ocean_custom_logo_mobile_max_height":0,"ocean_header_custom_menu":"0","ocean_menu_typo_font_family":"0","ocean_menu_typo_font_subset":"","ocean_menu_typo_font_size":0,"ocean_menu_typo_font_size_tablet":0,"ocean_menu_typo_font_size_mobile":0,"ocean_menu_typo_font_size_unit":"px","ocean_menu_typo_font_weight":"","ocean_menu_typo_font_weight_tablet":"","ocean_menu_typo_font_weight_mobile":"","ocean_menu_typo_transform":"","ocean_menu_typo_transform_tablet":"","ocean_menu_typo_transform_mobile":"","ocean_menu_typo_line_height":0,"ocean_menu_typo_line_height_tablet":0,"ocean_menu_typo_line_height_mobile":0,"ocean_menu_typo_line_height_unit":"","ocean_menu_typo_spacing":0,"ocean_menu_typo_spacing_tablet":0,"ocean_menu_typo_spacing_mobile":0,"ocean_menu_typo_spacing_unit":"","ocean_menu_link_color":"","ocean_menu_link_color_hover":"","ocean_menu_link_color_active":"","ocean_menu_link_background":"","ocean_menu_link_hover_background":"","ocean_menu_link_active_background":"","ocean_menu_social_links_bg":"","ocean_menu_social_hover_links_bg":"","ocean_menu_social_links_color":"","ocean_menu_social_hover_links_color":"","ocean_disable_title":"on","ocean_disable_heading":"default","ocean_post_title":"","ocean_post_subheading":"","ocean_post_title_style":"","ocean_post_title_background_color":"","ocean_post_title_background":0,"ocean_post_title_bg_image_position":"","ocean_post_title_bg_image_attachment":"","ocean_post_title_bg_image_repeat":"","ocean_post_title_bg_image_size":"","ocean_post_title_height":0,"ocean_post_title_bg_overlay":0.5,"ocean_post_title_bg_overlay_color":"","ocean_disable_breadcrumbs":"default","ocean_breadcrumbs_color":"","ocean_breadcrumbs_separator_color":"","ocean_breadcrumbs_links_color":"","ocean_breadcrumbs_links_hover_color":"","ocean_display_footer_widgets":"on","ocean_display_footer_bottom":"on","ocean_custom_footer_template":"0"},"product_brand":[],"product_cat":[152],"product_tag":[],"class_list":{"0":"post-4388","1":"product","2":"type-product","3":"status-publish","4":"has-post-thumbnail","6":"product_cat-brochures","8":"entry","9":"has-media","11":"first","12":"instock","13":"purchasable","14":"product-type-simple","15":"has-product-nav","16":"col","17":"span_1_of_5","18":"owp-content-center","19":"owp-thumbs-layout-horizontal","20":"owp-btn-normal","21":"owp-tabs-layout-horizontal","22":"has-no-thumbnails"},"yoast_head":"<!-- This site is optimized with the Yoast SEO Premium plugin v27.3 (Yoast SEO v27.5) - https:\/\/yoast.com\/product\/yoast-seo-premium-wordpress\/ -->\n<title>Les sept saints Sacrements - Bestellungen-EU<\/title>\n<meta name=\"description\" content=\"Les sept saints Sacrements - Les sept sacrements sont attest\u00e9s dans les Saintes \u00c9critures. Lisez cette brochure, dans laquelle l&#039;\u00c9v\u00eaque-\u00e0-l&#039;\u00c9p\u00e9e donne\" \/>\n<meta name=\"robots\" content=\"index, follow, max-snippet:-1, max-image-preview:large, max-video-preview:-1\" \/>\n<link rel=\"canonical\" href=\"https:\/\/bestellungen-eu.ch\/fr\/produit\/les-sept-saints-sacrements\/\" \/>\n<meta property=\"og:locale\" content=\"fr_FR\" \/>\n<meta property=\"og:type\" content=\"article\" \/>\n<meta property=\"og:title\" content=\"Les sept saints Sacrements\" \/>\n<meta property=\"og:description\" content=\"Les sept saints Sacrements - Les sept sacrements sont attest\u00e9s dans les Saintes \u00c9critures. Lisez cette brochure, dans laquelle l&#039;\u00c9v\u00eaque-\u00e0-l&#039;\u00c9p\u00e9e donne\" \/>\n<meta property=\"og:url\" content=\"https:\/\/bestellungen-eu.ch\/fr\/produit\/les-sept-saints-sacrements\/\" \/>\n<meta property=\"og:site_name\" content=\"Bestellungen-EU\" \/>\n<meta property=\"article:publisher\" content=\"https:\/\/www.facebook.com\/schwertbischof\" \/>\n<meta property=\"article:modified_time\" content=\"2025-02-01T08:50:52+00:00\" \/>\n<meta property=\"og:image\" content=\"https:\/\/bestellungen-eu.ch\/wp-content\/uploads\/2022\/10\/Die-sieben-heiligen-Sakramente-neu-fr-1024x670.png\" \/>\n\t<meta property=\"og:image:width\" content=\"1024\" \/>\n\t<meta property=\"og:image:height\" content=\"670\" \/>\n\t<meta property=\"og:image:type\" content=\"image\/png\" \/>\n<meta name=\"twitter:card\" content=\"summary_large_image\" \/>\n<meta name=\"twitter:site\" content=\"@schwertbischof\" \/>\n<meta name=\"twitter:label1\" content=\"Prix\" \/>\n\t<meta name=\"twitter:data1\" content=\"&euro;&nbsp;1.50\" \/>\n\t<meta name=\"twitter:label2\" content=\"Disponibilit\u00e9\" \/>\n\t<meta name=\"twitter:data2\" content=\"En stock\" \/>\n<script type=\"application\/ld+json\" class=\"yoast-schema-graph\">{\"@context\":\"https:\\\/\\\/schema.org\",\"@graph\":[{\"@type\":\"WebPage\",\"@id\":\"https:\\\/\\\/bestellungen-eu.ch\\\/fr\\\/produit\\\/les-sept-saints-sacrements\\\/\",\"url\":\"https:\\\/\\\/bestellungen-eu.ch\\\/fr\\\/produit\\\/les-sept-saints-sacrements\\\/\",\"name\":\"Les sept saints Sacrements - Bestellungen-EU\",\"isPartOf\":{\"@id\":\"https:\\\/\\\/bestellungen-eu.ch\\\/#website\"},\"primaryImageOfPage\":{\"@id\":\"https:\\\/\\\/bestellungen-eu.ch\\\/fr\\\/produit\\\/les-sept-saints-sacrements\\\/#primaryimage\"},\"image\":{\"@id\":\"https:\\\/\\\/bestellungen-eu.ch\\\/fr\\\/produit\\\/les-sept-saints-sacrements\\\/#primaryimage\"},\"thumbnailUrl\":\"https:\\\/\\\/bestellungen-eu.ch\\\/wp-content\\\/uploads\\\/2022\\\/10\\\/Die-sieben-heiligen-Sakramente-neu-fr.png\",\"datePublished\":\"2022-05-29T00:02:43+00:00\",\"dateModified\":\"2025-02-01T08:50:52+00:00\",\"description\":\"Les sept saints Sacrements - Les sept sacrements sont attest\u00e9s dans les Saintes \u00c9critures. Lisez cette brochure, dans laquelle l'\u00c9v\u00eaque-\u00e0-l'\u00c9p\u00e9e donne\",\"breadcrumb\":{\"@id\":\"https:\\\/\\\/bestellungen-eu.ch\\\/fr\\\/produit\\\/les-sept-saints-sacrements\\\/#breadcrumb\"},\"inLanguage\":\"fr-FR\",\"potentialAction\":[{\"@type\":\"ReadAction\",\"target\":[\"https:\\\/\\\/bestellungen-eu.ch\\\/fr\\\/produit\\\/les-sept-saints-sacrements\\\/\"]}]},{\"@type\":\"ImageObject\",\"inLanguage\":\"fr-FR\",\"@id\":\"https:\\\/\\\/bestellungen-eu.ch\\\/fr\\\/produit\\\/les-sept-saints-sacrements\\\/#primaryimage\",\"url\":\"https:\\\/\\\/bestellungen-eu.ch\\\/wp-content\\\/uploads\\\/2022\\\/10\\\/Die-sieben-heiligen-Sakramente-neu-fr.png\",\"contentUrl\":\"https:\\\/\\\/bestellungen-eu.ch\\\/wp-content\\\/uploads\\\/2022\\\/10\\\/Die-sieben-heiligen-Sakramente-neu-fr.png\",\"width\":3055,\"height\":2000},{\"@type\":\"BreadcrumbList\",\"@id\":\"https:\\\/\\\/bestellungen-eu.ch\\\/fr\\\/produit\\\/les-sept-saints-sacrements\\\/#breadcrumb\",\"itemListElement\":[{\"@type\":\"ListItem\",\"position\":1,\"name\":\"Startseite\",\"item\":\"https:\\\/\\\/bestellungen-eu.ch\\\/fr\\\/\"},{\"@type\":\"ListItem\",\"position\":2,\"name\":\"Boutique\",\"item\":\"https:\\\/\\\/bestellungen-eu.ch\\\/fr\\\/boutique\\\/\"},{\"@type\":\"ListItem\",\"position\":3,\"name\":\"Les sept saints Sacrements\"}]},{\"@type\":\"WebSite\",\"@id\":\"https:\\\/\\\/bestellungen-eu.ch\\\/#website\",\"url\":\"https:\\\/\\\/bestellungen-eu.ch\\\/\",\"name\":\"Bestellungen-EU\",\"description\":\"f\u00fcr Bestellungen aus EU-L\u00e4ndern und anderen L\u00e4ndern\",\"publisher\":{\"@id\":\"https:\\\/\\\/bestellungen-eu.ch\\\/#organization\"},\"potentialAction\":[{\"@type\":\"SearchAction\",\"target\":{\"@type\":\"EntryPoint\",\"urlTemplate\":\"https:\\\/\\\/bestellungen-eu.ch\\\/?s={search_term_string}\"},\"query-input\":{\"@type\":\"PropertyValueSpecification\",\"valueRequired\":true,\"valueName\":\"search_term_string\"}}],\"inLanguage\":\"fr-FR\"},{\"@type\":\"Organization\",\"@id\":\"https:\\\/\\\/bestellungen-eu.ch\\\/#organization\",\"name\":\"Bestellungen-EU\",\"url\":\"https:\\\/\\\/bestellungen-eu.ch\\\/\",\"logo\":{\"@type\":\"ImageObject\",\"inLanguage\":\"fr-FR\",\"@id\":\"https:\\\/\\\/bestellungen-eu.ch\\\/#\\\/schema\\\/logo\\\/image\\\/\",\"url\":\"https:\\\/\\\/bestellungen-eu.ch\\\/wp-content\\\/uploads\\\/2023\\\/09\\\/Neuchchristen-Logo-grau.png\",\"contentUrl\":\"https:\\\/\\\/bestellungen-eu.ch\\\/wp-content\\\/uploads\\\/2023\\\/09\\\/Neuchchristen-Logo-grau.png\",\"width\":295,\"height\":295,\"caption\":\"Bestellungen-EU\"},\"image\":{\"@id\":\"https:\\\/\\\/bestellungen-eu.ch\\\/#\\\/schema\\\/logo\\\/image\\\/\"},\"sameAs\":[\"https:\\\/\\\/www.facebook.com\\\/schwertbischof\",\"https:\\\/\\\/x.com\\\/schwertbischof\",\"https:\\\/\\\/neuchristen.com\\\/\",\"https:\\\/\\\/schwert-bischof.tv\\\/\",\"https:\\\/\\\/neuchristen-kinderkanal.com\\\/\"]}]}<\/script>\n<meta property=\"product:price:amount\" content=\"1.50\" \/>\n<meta property=\"product:price:currency\" content=\"EUR\" \/>\n<meta property=\"og:availability\" content=\"instock\" \/>\n<meta property=\"product:availability\" content=\"instock\" \/>\n<meta property=\"product:retailer_item_id\" content=\"1169\" \/>\n<meta property=\"product:condition\" content=\"new\" \/>\n<!-- \/ Yoast SEO Premium plugin. -->","yoast_head_json":{"title":"Les sept saints Sacrements - Bestellungen-EU","description":"Les sept saints Sacrements - Les sept sacrements sont attest\u00e9s dans les Saintes \u00c9critures. Lisez cette brochure, dans laquelle l'\u00c9v\u00eaque-\u00e0-l'\u00c9p\u00e9e donne","robots":{"index":"index","follow":"follow","max-snippet":"max-snippet:-1","max-image-preview":"max-image-preview:large","max-video-preview":"max-video-preview:-1"},"canonical":"https:\/\/bestellungen-eu.ch\/fr\/produit\/les-sept-saints-sacrements\/","og_locale":"fr_FR","og_type":"article","og_title":"Les sept saints Sacrements","og_description":"Les sept saints Sacrements - Les sept sacrements sont attest\u00e9s dans les Saintes \u00c9critures. Lisez cette brochure, dans laquelle l'\u00c9v\u00eaque-\u00e0-l'\u00c9p\u00e9e donne","og_url":"https:\/\/bestellungen-eu.ch\/fr\/produit\/les-sept-saints-sacrements\/","og_site_name":"Bestellungen-EU","article_publisher":"https:\/\/www.facebook.com\/schwertbischof","article_modified_time":"2025-02-01T08:50:52+00:00","og_image":[{"width":1024,"height":670,"url":"https:\/\/bestellungen-eu.ch\/wp-content\/uploads\/2022\/10\/Die-sieben-heiligen-Sakramente-neu-fr-1024x670.png","type":"image\/png"}],"twitter_card":"summary_large_image","twitter_site":"@schwertbischof","twitter_misc":{"Prix":"&euro;&nbsp;1.50","Disponibilit\u00e9":"En stock"},"schema":{"@context":"https:\/\/schema.org","@graph":[{"@type":"WebPage","@id":"https:\/\/bestellungen-eu.ch\/fr\/produit\/les-sept-saints-sacrements\/","url":"https:\/\/bestellungen-eu.ch\/fr\/produit\/les-sept-saints-sacrements\/","name":"Les sept saints Sacrements - Bestellungen-EU","isPartOf":{"@id":"https:\/\/bestellungen-eu.ch\/#website"},"primaryImageOfPage":{"@id":"https:\/\/bestellungen-eu.ch\/fr\/produit\/les-sept-saints-sacrements\/#primaryimage"},"image":{"@id":"https:\/\/bestellungen-eu.ch\/fr\/produit\/les-sept-saints-sacrements\/#primaryimage"},"thumbnailUrl":"https:\/\/bestellungen-eu.ch\/wp-content\/uploads\/2022\/10\/Die-sieben-heiligen-Sakramente-neu-fr.png","datePublished":"2022-05-29T00:02:43+00:00","dateModified":"2025-02-01T08:50:52+00:00","description":"Les sept saints Sacrements - Les sept sacrements sont attest\u00e9s dans les Saintes \u00c9critures. Lisez cette brochure, dans laquelle l'\u00c9v\u00eaque-\u00e0-l'\u00c9p\u00e9e donne","breadcrumb":{"@id":"https:\/\/bestellungen-eu.ch\/fr\/produit\/les-sept-saints-sacrements\/#breadcrumb"},"inLanguage":"fr-FR","potentialAction":[{"@type":"ReadAction","target":["https:\/\/bestellungen-eu.ch\/fr\/produit\/les-sept-saints-sacrements\/"]}]},{"@type":"ImageObject","inLanguage":"fr-FR","@id":"https:\/\/bestellungen-eu.ch\/fr\/produit\/les-sept-saints-sacrements\/#primaryimage","url":"https:\/\/bestellungen-eu.ch\/wp-content\/uploads\/2022\/10\/Die-sieben-heiligen-Sakramente-neu-fr.png","contentUrl":"https:\/\/bestellungen-eu.ch\/wp-content\/uploads\/2022\/10\/Die-sieben-heiligen-Sakramente-neu-fr.png","width":3055,"height":2000},{"@type":"BreadcrumbList","@id":"https:\/\/bestellungen-eu.ch\/fr\/produit\/les-sept-saints-sacrements\/#breadcrumb","itemListElement":[{"@type":"ListItem","position":1,"name":"Startseite","item":"https:\/\/bestellungen-eu.ch\/fr\/"},{"@type":"ListItem","position":2,"name":"Boutique","item":"https:\/\/bestellungen-eu.ch\/fr\/boutique\/"},{"@type":"ListItem","position":3,"name":"Les sept saints Sacrements"}]},{"@type":"WebSite","@id":"https:\/\/bestellungen-eu.ch\/#website","url":"https:\/\/bestellungen-eu.ch\/","name":"Bestellungen-EU","description":"f\u00fcr Bestellungen aus EU-L\u00e4ndern und anderen L\u00e4ndern","publisher":{"@id":"https:\/\/bestellungen-eu.ch\/#organization"},"potentialAction":[{"@type":"SearchAction","target":{"@type":"EntryPoint","urlTemplate":"https:\/\/bestellungen-eu.ch\/?s={search_term_string}"},"query-input":{"@type":"PropertyValueSpecification","valueRequired":true,"valueName":"search_term_string"}}],"inLanguage":"fr-FR"},{"@type":"Organization","@id":"https:\/\/bestellungen-eu.ch\/#organization","name":"Bestellungen-EU","url":"https:\/\/bestellungen-eu.ch\/","logo":{"@type":"ImageObject","inLanguage":"fr-FR","@id":"https:\/\/bestellungen-eu.ch\/#\/schema\/logo\/image\/","url":"https:\/\/bestellungen-eu.ch\/wp-content\/uploads\/2023\/09\/Neuchchristen-Logo-grau.png","contentUrl":"https:\/\/bestellungen-eu.ch\/wp-content\/uploads\/2023\/09\/Neuchchristen-Logo-grau.png","width":295,"height":295,"caption":"Bestellungen-EU"},"image":{"@id":"https:\/\/bestellungen-eu.ch\/#\/schema\/logo\/image\/"},"sameAs":["https:\/\/www.facebook.com\/schwertbischof","https:\/\/x.com\/schwertbischof","https:\/\/neuchristen.com\/","https:\/\/schwert-bischof.tv\/","https:\/\/neuchristen-kinderkanal.com\/"]}]},"product_price_amount":"1.50","product_price_currency":"EUR","og_availability":"instock","product_availability":"instock","product_retailer_item_id":"1169","product_condition":"new"},"_links":{"self":[{"href":"https:\/\/bestellungen-eu.ch\/fr\/wp-json\/wp\/v2\/product\/4388","targetHints":{"allow":["GET"]}}],"collection":[{"href":"https:\/\/bestellungen-eu.ch\/fr\/wp-json\/wp\/v2\/product"}],"about":[{"href":"https:\/\/bestellungen-eu.ch\/fr\/wp-json\/wp\/v2\/types\/product"}],"wp:featuredmedia":[{"embeddable":true,"href":"https:\/\/bestellungen-eu.ch\/fr\/wp-json\/wp\/v2\/media\/4375"}],"wp:attachment":[{"href":"https:\/\/bestellungen-eu.ch\/fr\/wp-json\/wp\/v2\/media?parent=4388"}],"wp:term":[{"taxonomy":"product_brand","embeddable":true,"href":"https:\/\/bestellungen-eu.ch\/fr\/wp-json\/wp\/v2\/product_brand?post=4388"},{"taxonomy":"product_cat","embeddable":true,"href":"https:\/\/bestellungen-eu.ch\/fr\/wp-json\/wp\/v2\/product_cat?post=4388"},{"taxonomy":"product_tag","embeddable":true,"href":"https:\/\/bestellungen-eu.ch\/fr\/wp-json\/wp\/v2\/product_tag?post=4388"}],"curies":[{"name":"wp","href":"https:\/\/api.w.org\/{rel}","templated":true}]}}